{"id":5682,"date":"2025-07-23T23:10:52","date_gmt":"2025-07-23T23:10:52","guid":{"rendered":"https:\/\/aiv.com.py\/?page_id=5682"},"modified":"2025-08-05T22:05:09","modified_gmt":"2025-08-05T22:05:09","slug":"oficinas","status":"publish","type":"page","link":"https:\/\/aiv.com.py\/index.php\/oficinas\/","title":{"rendered":"Oficinas"},"content":{"rendered":"\t\t<div data-elementor-type=\"wp-page\" data-elementor-id=\"5682\" class=\"elementor elementor-5682\">\n\t\t\t\t\t\t<section class=\"elementor-section elementor-top-section elementor-element elementor-element-bdd9939 elementor-section-content-middle elementor-section-boxed elementor-section-height-default elementor-section-height-default\" data-id=\"bdd9939\" data-element_type=\"section\" data-e-type=\"section\">\n\t\t\t\t\t\t<div class=\"elementor-container elementor-column-gap-extended\">\n\t\t\t\t\t<div class=\"elementor-column elementor-col-50 elementor-top-column elementor-element elementor-element-12b070d ot-flex-column-vertical\" data-id=\"12b070d\" data-element_type=\"column\" data-e-type=\"column\">\n\t\t\t<div class=\"elementor-widget-wrap elementor-element-populated\">\n\t\t\t\t\t\t<div class=\"elementor-element elementor-element-ea70568 elementor-widget elementor-widget-image\" data-id=\"ea70568\" data-element_type=\"widget\" data-e-type=\"widget\" data-widget_type=\"image.default\">\n\t\t\t\t\t\t\t\t\t\t\t\t\t\t\t<img fetchpriority=\"high\" decoding=\"async\" width=\"768\" height=\"432\" src=\"https:\/\/aiv.com.py\/wp-content\/uploads\/2025\/07\/Oficinas-Corporativas-768x432.jpg\" class=\"attachment-medium_large size-medium_large wp-image-5779\" alt=\"\" srcset=\"https:\/\/aiv.com.py\/wp-content\/uploads\/2025\/07\/Oficinas-Corporativas-768x432.jpg 768w, https:\/\/aiv.com.py\/wp-content\/uploads\/2025\/07\/Oficinas-Corporativas-300x169.jpg 300w, https:\/\/aiv.com.py\/wp-content\/uploads\/2025\/07\/Oficinas-Corporativas-1024x576.jpg 1024w, https:\/\/aiv.com.py\/wp-content\/uploads\/2025\/07\/Oficinas-Corporativas-1536x864.jpg 1536w, https:\/\/aiv.com.py\/wp-content\/uploads\/2025\/07\/Oficinas-Corporativas-2048x1152.jpg 2048w\" sizes=\"(max-width: 768px) 100vw, 768px\" \/>\t\t\t\t\t\t\t\t\t\t\t\t\t\t\t<\/div>\n\t\t\t\t\t<\/div>\n\t\t<\/div>\n\t\t\t\t<div class=\"elementor-column elementor-col-50 elementor-top-column elementor-element elementor-element-c955026 ot-flex-column-vertical\" data-id=\"c955026\" data-element_type=\"column\" data-e-type=\"column\">\n\t\t\t<div class=\"elementor-widget-wrap elementor-element-populated\">\n\t\t\t\t\t\t<div class=\"elementor-element elementor-element-7facdc9 elementor-widget elementor-widget-heading\" data-id=\"7facdc9\" data-element_type=\"widget\" data-e-type=\"widget\" data-widget_type=\"heading.default\">\n\t\t\t\t\t<h2 class=\"elementor-heading-title elementor-size-default\">OFICINAS CORPORATIVAS TECNOLOGICAS<\/h2>\t\t\t\t<\/div>\n\t\t\t\t<div class=\"elementor-element elementor-element-4408703 elementor-widget elementor-widget-text-editor\" data-id=\"4408703\" data-element_type=\"widget\" data-e-type=\"widget\" data-widget_type=\"text-editor.default\">\n\t\t\t\t\t\t\t\t\t<p><em>Una mayor eficiencia y productividad, flexibilidad y personalizaci\u00f3n para los empleados, mayor sostenibilidad, mejora del bienestar de los empleados, a disposici\u00f3n de las empresas.<\/em><\/p>\t\t\t\t\t\t\t\t<\/div>\n\t\t\t\t\t<\/div>\n\t\t<\/div>\n\t\t\t\t\t<\/div>\n\t\t<\/section>\n\t\t\t\t<section class=\"elementor-section elementor-top-section elementor-element elementor-element-ad92f70 elementor-section-boxed elementor-section-height-default elementor-section-height-default\" data-id=\"ad92f70\" data-element_type=\"section\" data-e-type=\"section\" data-settings=\"{&quot;background_background&quot;:&quot;classic&quot;}\">\n\t\t\t\t\t\t<div class=\"elementor-container elementor-column-gap-default\">\n\t\t\t\t\t<div class=\"elementor-column elementor-col-100 elementor-top-column elementor-element elementor-element-fa80c87 ot-column-items-center ot-flex-column-vertical\" data-id=\"fa80c87\" data-element_type=\"column\" data-e-type=\"column\">\n\t\t\t<div class=\"elementor-widget-wrap elementor-element-populated\">\n\t\t\t\t\t\t<div class=\"elementor-element elementor-element-8b7b319 elementor-widget elementor-widget-text-editor\" data-id=\"8b7b319\" data-element_type=\"widget\" data-e-type=\"widget\" data-widget_type=\"text-editor.default\">\n\t\t\t\t\t\t\t\t\t<p>\u00a0<\/p>\n<p>Complejo de oficinas corporativas de clase A en el eje corporativo de Asunci\u00f3n. Contar\u00e1 con 30 oficinas corporativas de alta tecnolog\u00eda con dise\u00f1o tecnol\u00f3gico de espacios de trabajo m\u00e1s flexibles y operativos para una mayor productividad. La soluci\u00f3n de Espacios Corporativos Inteligentes permite que las oficinas cuenten con salas de reuniones y auditorios, incluyendo la \u00faltima tecnolog\u00eda de trabajo colaborativa, sistemas de audio avanzados, pantallas LED de gran formato o sistemas de iluminaci\u00f3n, entre otros.<\/p>\t\t\t\t\t\t\t\t<\/div>\n\t\t\t\t\t<\/div>\n\t\t<\/div>\n\t\t\t\t\t<\/div>\n\t\t<\/section>\n\t\t\t\t<section class=\"elementor-section elementor-top-section elementor-element elementor-element-18d9ac1 elementor-section-boxed elementor-section-height-default elementor-section-height-default\" data-id=\"18d9ac1\" data-element_type=\"section\" data-e-type=\"section\" data-settings=\"{&quot;background_background&quot;:&quot;classic&quot;}\">\n\t\t\t\t\t\t<div class=\"elementor-container elementor-column-gap-extended\">\n\t\t\t\t\t<div class=\"elementor-column elementor-col-25 elementor-top-column elementor-element elementor-element-f73a903 ot-column-items-center ot-flex-column-vertical\" data-id=\"f73a903\" data-element_type=\"column\" data-e-type=\"column\">\n\t\t\t<div class=\"elementor-widget-wrap elementor-element-populated\">\n\t\t\t\t\t\t<div class=\"elementor-element elementor-element-bc204ab elementor-widget elementor-widget-heading\" data-id=\"bc204ab\" data-element_type=\"widget\" data-e-type=\"widget\" data-widget_type=\"heading.default\">\n\t\t\t\t\t<h2 class=\"elementor-heading-title elementor-size-default\">30 OFICINAS CORPORATIVAS DE ALTA TECNOLOG\u00cdA<\/h2>\t\t\t\t<\/div>\n\t\t\t\t\t<\/div>\n\t\t<\/div>\n\t\t\t\t<div class=\"elementor-column elementor-col-25 elementor-top-column elementor-element elementor-element-3dbc6da ot-column-items-center ot-flex-column-vertical\" data-id=\"3dbc6da\" data-element_type=\"column\" data-e-type=\"column\">\n\t\t\t<div class=\"elementor-widget-wrap elementor-element-populated\">\n\t\t\t\t\t\t<div class=\"elementor-element elementor-element-84a353a elementor-widget elementor-widget-heading\" data-id=\"84a353a\" data-element_type=\"widget\" data-e-type=\"widget\" data-widget_type=\"heading.default\">\n\t\t\t\t\t<h2 class=\"elementor-heading-title elementor-size-default\">SALAS DE REUNIONES Y AUDITORIOS\n<\/h2>\t\t\t\t<\/div>\n\t\t\t\t\t<\/div>\n\t\t<\/div>\n\t\t\t\t<div class=\"elementor-column elementor-col-25 elementor-top-column elementor-element elementor-element-fec74e8 ot-column-items-center ot-flex-column-vertical\" data-id=\"fec74e8\" data-element_type=\"column\" data-e-type=\"column\">\n\t\t\t<div class=\"elementor-widget-wrap elementor-element-populated\">\n\t\t\t\t\t\t<div class=\"elementor-element elementor-element-4c69ff6 elementor-widget elementor-widget-heading\" data-id=\"4c69ff6\" data-element_type=\"widget\" data-e-type=\"widget\" data-widget_type=\"heading.default\">\n\t\t\t\t\t<h2 class=\"elementor-heading-title elementor-size-default\">SISTEMA DE AUDIO AVANZADOS<\/h2>\t\t\t\t<\/div>\n\t\t\t\t\t<\/div>\n\t\t<\/div>\n\t\t\t\t<div class=\"elementor-column elementor-col-25 elementor-top-column elementor-element elementor-element-fed150f ot-column-items-center ot-flex-column-vertical\" data-id=\"fed150f\" data-element_type=\"column\" data-e-type=\"column\">\n\t\t\t<div class=\"elementor-widget-wrap elementor-element-populated\">\n\t\t\t\t\t\t<div class=\"elementor-element elementor-element-f5b0cb8 elementor-widget elementor-widget-heading\" data-id=\"f5b0cb8\" data-element_type=\"widget\" data-e-type=\"widget\" data-widget_type=\"heading.default\">\n\t\t\t\t\t<h2 class=\"elementor-heading-title elementor-size-default\">DIGITALIZACION DE LAS OFICINAS CON LAS CAPACIDADES DE RED<\/h2>\t\t\t\t<\/div>\n\t\t\t\t\t<\/div>\n\t\t<\/div>\n\t\t\t\t\t<\/div>\n\t\t<\/section>\n\t\t\t\t<section class=\"elementor-section elementor-top-section elementor-element elementor-element-8715737 elementor-section-boxed elementor-section-height-default elementor-section-height-default\" data-id=\"8715737\" data-element_type=\"section\" data-e-type=\"section\" data-settings=\"{&quot;background_background&quot;:&quot;classic&quot;}\">\n\t\t\t\t\t\t<div class=\"elementor-container elementor-column-gap-extended\">\n\t\t\t\t\t<div class=\"elementor-column elementor-col-25 elementor-top-column elementor-element elementor-element-bbf60c5 ot-column-items-center ot-flex-column-vertical\" data-id=\"bbf60c5\" data-element_type=\"column\" data-e-type=\"column\">\n\t\t\t<div class=\"elementor-widget-wrap elementor-element-populated\">\n\t\t\t\t\t\t<div class=\"elementor-element elementor-element-9683415 elementor-widget elementor-widget-text-editor\" data-id=\"9683415\" data-element_type=\"widget\" data-e-type=\"widget\" data-widget_type=\"text-editor.default\">\n\t\t\t\t\t\t\t\t\t<p><strong>PARADATA S.A.<\/strong><\/p><p>Servicios Digitales de Confianza<\/p>\t\t\t\t\t\t\t\t<\/div>\n\t\t\t\t<div class=\"elementor-element elementor-element-d655a9b e-grid-align-left elementor-shape-rounded elementor-grid-0 elementor-widget elementor-widget-social-icons\" data-id=\"d655a9b\" data-element_type=\"widget\" data-e-type=\"widget\" data-widget_type=\"social-icons.default\">\n\t\t\t\t\t\t\t<div class=\"elementor-social-icons-wrapper elementor-grid\" role=\"list\">\n\t\t\t\t\t\t\t<span class=\"elementor-grid-item\" role=\"listitem\">\n\t\t\t\t\t<a class=\"elementor-icon elementor-social-icon elementor-social-icon-facebook elementor-repeater-item-4409f57\" href=\"https:\/\/www.facebook.com\/profile.php?id=61578583656948\" target=\"_blank\">\n\t\t\t\t\t\t<span class=\"elementor-screen-only\">Facebook<\/span>\n\t\t\t\t\t\t<svg aria-hidden=\"true\" class=\"e-font-icon-svg e-fab-facebook\" viewBox=\"0 0 512 512\" xmlns=\"http:\/\/www.w3.org\/2000\/svg\"><path d=\"M504 256C504 119 393 8 256 8S8 119 8 256c0 123.78 90.69 226.38 209.25 245V327.69h-63V256h63v-54.64c0-62.15 37-96.48 93.67-96.48 27.14 0 55.52 4.84 55.52 4.84v61h-31.28c-30.8 0-40.41 19.12-40.41 38.73V256h68.78l-11 71.69h-57.78V501C413.31 482.38 504 379.78 504 256z\"><\/path><\/svg>\t\t\t\t\t<\/a>\n\t\t\t\t<\/span>\n\t\t\t\t\t\t\t<span class=\"elementor-grid-item\" role=\"listitem\">\n\t\t\t\t\t<a class=\"elementor-icon elementor-social-icon elementor-social-icon-instagram elementor-repeater-item-2287af8\" href=\"https:\/\/www.instagram.com\/asuncioninnovationvalley\/\" target=\"_blank\">\n\t\t\t\t\t\t<span class=\"elementor-screen-only\">Instagram<\/span>\n\t\t\t\t\t\t<svg aria-hidden=\"true\" class=\"e-font-icon-svg e-fab-instagram\" viewBox=\"0 0 448 512\" xmlns=\"http:\/\/www.w3.org\/2000\/svg\"><path d=\"M224.1 141c-63.6 0-114.9 51.3-114.9 114.9s51.3 114.9 114.9 114.9S339 319.5 339 255.9 287.7 141 224.1 141zm0 189.6c-41.1 0-74.7-33.5-74.7-74.7s33.5-74.7 74.7-74.7 74.7 33.5 74.7 74.7-33.6 74.7-74.7 74.7zm146.4-194.3c0 14.9-12 26.8-26.8 26.8-14.9 0-26.8-12-26.8-26.8s12-26.8 26.8-26.8 26.8 12 26.8 26.8zm76.1 27.2c-1.7-35.9-9.9-67.7-36.2-93.9-26.2-26.2-58-34.4-93.9-36.2-37-2.1-147.9-2.1-184.9 0-35.8 1.7-67.6 9.9-93.9 36.1s-34.4 58-36.2 93.9c-2.1 37-2.1 147.9 0 184.9 1.7 35.9 9.9 67.7 36.2 93.9s58 34.4 93.9 36.2c37 2.1 147.9 2.1 184.9 0 35.9-1.7 67.7-9.9 93.9-36.2 26.2-26.2 34.4-58 36.2-93.9 2.1-37 2.1-147.8 0-184.8zM398.8 388c-7.8 19.6-22.9 34.7-42.6 42.6-29.5 11.7-99.5 9-132.1 9s-102.7 2.6-132.1-9c-19.6-7.8-34.7-22.9-42.6-42.6-11.7-29.5-9-99.5-9-132.1s-2.6-102.7 9-132.1c7.8-19.6 22.9-34.7 42.6-42.6 29.5-11.7 99.5-9 132.1-9s102.7-2.6 132.1 9c19.6 7.8 34.7 22.9 42.6 42.6 11.7 29.5 9 99.5 9 132.1s2.7 102.7-9 132.1z\"><\/path><\/svg>\t\t\t\t\t<\/a>\n\t\t\t\t<\/span>\n\t\t\t\t\t\t\t<span class=\"elementor-grid-item\" role=\"listitem\">\n\t\t\t\t\t<a class=\"elementor-icon elementor-social-icon elementor-social-icon-linkedin elementor-repeater-item-8103409\" target=\"_blank\">\n\t\t\t\t\t\t<span class=\"elementor-screen-only\">Linkedin<\/span>\n\t\t\t\t\t\t<svg aria-hidden=\"true\" class=\"e-font-icon-svg e-fab-linkedin\" viewBox=\"0 0 448 512\" xmlns=\"http:\/\/www.w3.org\/2000\/svg\"><path d=\"M416 32H31.9C14.3 32 0 46.5 0 64.3v383.4C0 465.5 14.3 480 31.9 480H416c17.6 0 32-14.5 32-32.3V64.3c0-17.8-14.4-32.3-32-32.3zM135.4 416H69V202.2h66.5V416zm-33.2-243c-21.3 0-38.5-17.3-38.5-38.5S80.9 96 102.2 96c21.2 0 38.5 17.3 38.5 38.5 0 21.3-17.2 38.5-38.5 38.5zm282.1 243h-66.4V312c0-24.8-.5-56.7-34.5-56.7-34.6 0-39.9 27-39.9 54.9V416h-66.4V202.2h63.7v29.2h.9c8.9-16.8 30.6-34.5 62.9-34.5 67.2 0 79.7 44.3 79.7 101.9V416z\"><\/path><\/svg>\t\t\t\t\t<\/a>\n\t\t\t\t<\/span>\n\t\t\t\t\t<\/div>\n\t\t\t\t\t\t<\/div>\n\t\t\t\t\t<\/div>\n\t\t<\/div>\n\t\t\t\t<div class=\"elementor-column elementor-col-25 elementor-top-column elementor-element elementor-element-c6311dd ot-flex-column-vertical\" data-id=\"c6311dd\" data-element_type=\"column\" data-e-type=\"column\">\n\t\t\t<div class=\"elementor-widget-wrap\">\n\t\t\t\t\t\t\t<\/div>\n\t\t<\/div>\n\t\t\t\t<div class=\"elementor-column elementor-col-25 elementor-top-column elementor-element elementor-element-97da4b8 ot-flex-column-vertical\" data-id=\"97da4b8\" data-element_type=\"column\" data-e-type=\"column\">\n\t\t\t<div class=\"elementor-widget-wrap\">\n\t\t\t\t\t\t\t<\/div>\n\t\t<\/div>\n\t\t\t\t<div class=\"elementor-column elementor-col-25 elementor-top-column elementor-element elementor-element-39556cd ot-column-items-center ot-flex-column-vertical\" data-id=\"39556cd\" data-element_type=\"column\" data-e-type=\"column\">\n\t\t\t<div class=\"elementor-widget-wrap elementor-element-populated\">\n\t\t\t\t\t\t<div class=\"elementor-element elementor-element-3e38b52 elementor-widget elementor-widget-text-editor\" data-id=\"3e38b52\" data-element_type=\"widget\" data-e-type=\"widget\" data-widget_type=\"text-editor.default\">\n\t\t\t\t\t\t\t\t\t<p><strong>CONTACTO<\/strong><\/p><p>Austria 1788 casi Viena, Asunci\u00f3n, Paraguay<br \/>mario@paradata.com.py<br \/>+595 994 361275<\/p>\t\t\t\t\t\t\t\t<\/div>\n\t\t\t\t\t<\/div>\n\t\t<\/div>\n\t\t\t\t\t<\/div>\n\t\t<\/section>\n\t\t\t\t<\/div>\n\t\t","protected":false},"excerpt":{"rendered":"<p>OFICINAS CORPORATIVAS TECNOLOGICAS Una mayor eficiencia y productividad, flexibilidad y personalizaci\u00f3n para los empleados, mayor sostenibilidad, mejora del bienestar de los empleados, a disposici\u00f3n de las empresas. \u00a0 Complejo de oficinas corporativas de clase A en el eje corporativo de Asunci\u00f3n. Contar\u00e1 con 30 oficinas corporativas de alta tecnolog\u00eda con dise\u00f1o tecnol\u00f3gico de espacios de [&hellip;]<\/p>\n","protected":false},"author":1,"featured_media":0,"parent":0,"menu_order":0,"comment_status":"closed","ping_status":"closed","template":"elementor_header_footer","meta":{"footnotes":""},"class_list":["post-5682","page","type-page","status-publish","hentry"],"yoast_head":"<!-- This site is optimized with the Yoast SEO plugin v25.6 - https:\/\/yoast.com\/wordpress\/plugins\/seo\/ -->\n<title>Oficinas - AIV<\/title>\n<meta name=\"robots\" content=\"index, follow, max-snippet:-1, max-image-preview:large, max-video-preview:-1\" \/>\n<link rel=\"canonical\" href=\"https:\/\/aiv.com.py\/index.php\/oficinas\/\" \/>\n<meta property=\"og:locale\" content=\"es_ES\" \/>\n<meta property=\"og:type\" content=\"article\" \/>\n<meta property=\"og:title\" content=\"Oficinas - AIV\" \/>\n<meta property=\"og:description\" content=\"OFICINAS CORPORATIVAS TECNOLOGICAS Una mayor eficiencia y productividad, flexibilidad y personalizaci\u00f3n para los empleados, mayor sostenibilidad, mejora del bienestar de los empleados, a disposici\u00f3n de las empresas. \u00a0 Complejo de oficinas corporativas de clase A en el eje corporativo de Asunci\u00f3n. Contar\u00e1 con 30 oficinas corporativas de alta tecnolog\u00eda con dise\u00f1o tecnol\u00f3gico de espacios de [&hellip;]\" \/>\n<meta property=\"og:url\" content=\"https:\/\/aiv.com.py\/index.php\/oficinas\/\" \/>\n<meta property=\"og:site_name\" content=\"AIV\" \/>\n<meta property=\"article:modified_time\" content=\"2025-08-05T22:05:09+00:00\" \/>\n<meta property=\"og:image\" content=\"https:\/\/aiv.com.py\/wp-content\/uploads\/2025\/07\/Oficinas-Corporativas-scaled.jpg\" \/>\n\t<meta property=\"og:image:width\" content=\"2560\" \/>\n\t<meta property=\"og:image:height\" content=\"1440\" \/>\n\t<meta property=\"og:image:type\" content=\"image\/jpeg\" \/>\n<meta name=\"twitter:card\" content=\"summary_large_image\" \/>\n<meta name=\"twitter:label1\" content=\"Tiempo de lectura\" \/>\n\t<meta name=\"twitter:data1\" content=\"1 minuto\" \/>\n<script type=\"application\/ld+json\" class=\"yoast-schema-graph\">{\"@context\":\"https:\/\/schema.org\",\"@graph\":[{\"@type\":\"WebPage\",\"@id\":\"https:\/\/aiv.com.py\/index.php\/oficinas\/\",\"url\":\"https:\/\/aiv.com.py\/index.php\/oficinas\/\",\"name\":\"Oficinas - AIV\",\"isPartOf\":{\"@id\":\"https:\/\/aiv.com.py\/#website\"},\"primaryImageOfPage\":{\"@id\":\"https:\/\/aiv.com.py\/index.php\/oficinas\/#primaryimage\"},\"image\":{\"@id\":\"https:\/\/aiv.com.py\/index.php\/oficinas\/#primaryimage\"},\"thumbnailUrl\":\"https:\/\/aiv.com.py\/wp-content\/uploads\/2025\/07\/Oficinas-Corporativas-768x432.jpg\",\"datePublished\":\"2025-07-23T23:10:52+00:00\",\"dateModified\":\"2025-08-05T22:05:09+00:00\",\"breadcrumb\":{\"@id\":\"https:\/\/aiv.com.py\/index.php\/oficinas\/#breadcrumb\"},\"inLanguage\":\"es\",\"potentialAction\":[{\"@type\":\"ReadAction\",\"target\":[\"https:\/\/aiv.com.py\/index.php\/oficinas\/\"]}]},{\"@type\":\"ImageObject\",\"inLanguage\":\"es\",\"@id\":\"https:\/\/aiv.com.py\/index.php\/oficinas\/#primaryimage\",\"url\":\"https:\/\/aiv.com.py\/wp-content\/uploads\/2025\/07\/Oficinas-Corporativas-scaled.jpg\",\"contentUrl\":\"https:\/\/aiv.com.py\/wp-content\/uploads\/2025\/07\/Oficinas-Corporativas-scaled.jpg\",\"width\":2560,\"height\":1440},{\"@type\":\"BreadcrumbList\",\"@id\":\"https:\/\/aiv.com.py\/index.php\/oficinas\/#breadcrumb\",\"itemListElement\":[{\"@type\":\"ListItem\",\"position\":1,\"name\":\"Portada\",\"item\":\"https:\/\/aiv.com.py\/\"},{\"@type\":\"ListItem\",\"position\":2,\"name\":\"Oficinas\"}]},{\"@type\":\"WebSite\",\"@id\":\"https:\/\/aiv.com.py\/#website\",\"url\":\"https:\/\/aiv.com.py\/\",\"name\":\"AIV\",\"description\":\"Asunci\u00f3n Innovation Valley\",\"publisher\":{\"@id\":\"https:\/\/aiv.com.py\/#organization\"},\"potentialAction\":[{\"@type\":\"SearchAction\",\"target\":{\"@type\":\"EntryPoint\",\"urlTemplate\":\"https:\/\/aiv.com.py\/?s={search_term_string}\"},\"query-input\":{\"@type\":\"PropertyValueSpecification\",\"valueRequired\":true,\"valueName\":\"search_term_string\"}}],\"inLanguage\":\"es\"},{\"@type\":\"Organization\",\"@id\":\"https:\/\/aiv.com.py\/#organization\",\"name\":\"AIV\",\"url\":\"https:\/\/aiv.com.py\/\",\"logo\":{\"@type\":\"ImageObject\",\"inLanguage\":\"es\",\"@id\":\"https:\/\/aiv.com.py\/#\/schema\/logo\/image\/\",\"url\":\"https:\/\/aiv.com.py\/wp-content\/uploads\/2024\/11\/logo.png\",\"contentUrl\":\"https:\/\/aiv.com.py\/wp-content\/uploads\/2024\/11\/logo.png\",\"width\":1000,\"height\":383,\"caption\":\"AIV\"},\"image\":{\"@id\":\"https:\/\/aiv.com.py\/#\/schema\/logo\/image\/\"}}]}<\/script>\n<!-- \/ Yoast SEO plugin. -->","yoast_head_json":{"title":"Oficinas - AIV","robots":{"index":"index","follow":"follow","max-snippet":"max-snippet:-1","max-image-preview":"max-image-preview:large","max-video-preview":"max-video-preview:-1"},"canonical":"https:\/\/aiv.com.py\/index.php\/oficinas\/","og_locale":"es_ES","og_type":"article","og_title":"Oficinas - AIV","og_description":"OFICINAS CORPORATIVAS TECNOLOGICAS Una mayor eficiencia y productividad, flexibilidad y personalizaci\u00f3n para los empleados, mayor sostenibilidad, mejora del bienestar de los empleados, a disposici\u00f3n de las empresas. \u00a0 Complejo de oficinas corporativas de clase A en el eje corporativo de Asunci\u00f3n. Contar\u00e1 con 30 oficinas corporativas de alta tecnolog\u00eda con dise\u00f1o tecnol\u00f3gico de espacios de [&hellip;]","og_url":"https:\/\/aiv.com.py\/index.php\/oficinas\/","og_site_name":"AIV","article_modified_time":"2025-08-05T22:05:09+00:00","og_image":[{"width":2560,"height":1440,"url":"https:\/\/aiv.com.py\/wp-content\/uploads\/2025\/07\/Oficinas-Corporativas-scaled.jpg","type":"image\/jpeg"}],"twitter_card":"summary_large_image","twitter_misc":{"Tiempo de lectura":"1 minuto"},"schema":{"@context":"https:\/\/schema.org","@graph":[{"@type":"WebPage","@id":"https:\/\/aiv.com.py\/index.php\/oficinas\/","url":"https:\/\/aiv.com.py\/index.php\/oficinas\/","name":"Oficinas - AIV","isPartOf":{"@id":"https:\/\/aiv.com.py\/#website"},"primaryImageOfPage":{"@id":"https:\/\/aiv.com.py\/index.php\/oficinas\/#primaryimage"},"image":{"@id":"https:\/\/aiv.com.py\/index.php\/oficinas\/#primaryimage"},"thumbnailUrl":"https:\/\/aiv.com.py\/wp-content\/uploads\/2025\/07\/Oficinas-Corporativas-768x432.jpg","datePublished":"2025-07-23T23:10:52+00:00","dateModified":"2025-08-05T22:05:09+00:00","breadcrumb":{"@id":"https:\/\/aiv.com.py\/index.php\/oficinas\/#breadcrumb"},"inLanguage":"es","potentialAction":[{"@type":"ReadAction","target":["https:\/\/aiv.com.py\/index.php\/oficinas\/"]}]},{"@type":"ImageObject","inLanguage":"es","@id":"https:\/\/aiv.com.py\/index.php\/oficinas\/#primaryimage","url":"https:\/\/aiv.com.py\/wp-content\/uploads\/2025\/07\/Oficinas-Corporativas-scaled.jpg","contentUrl":"https:\/\/aiv.com.py\/wp-content\/uploads\/2025\/07\/Oficinas-Corporativas-scaled.jpg","width":2560,"height":1440},{"@type":"BreadcrumbList","@id":"https:\/\/aiv.com.py\/index.php\/oficinas\/#breadcrumb","itemListElement":[{"@type":"ListItem","position":1,"name":"Portada","item":"https:\/\/aiv.com.py\/"},{"@type":"ListItem","position":2,"name":"Oficinas"}]},{"@type":"WebSite","@id":"https:\/\/aiv.com.py\/#website","url":"https:\/\/aiv.com.py\/","name":"AIV","description":"Asunci\u00f3n Innovation Valley","publisher":{"@id":"https:\/\/aiv.com.py\/#organization"},"potentialAction":[{"@type":"SearchAction","target":{"@type":"EntryPoint","urlTemplate":"https:\/\/aiv.com.py\/?s={search_term_string}"},"query-input":{"@type":"PropertyValueSpecification","valueRequired":true,"valueName":"search_term_string"}}],"inLanguage":"es"},{"@type":"Organization","@id":"https:\/\/aiv.com.py\/#organization","name":"AIV","url":"https:\/\/aiv.com.py\/","logo":{"@type":"ImageObject","inLanguage":"es","@id":"https:\/\/aiv.com.py\/#\/schema\/logo\/image\/","url":"https:\/\/aiv.com.py\/wp-content\/uploads\/2024\/11\/logo.png","contentUrl":"https:\/\/aiv.com.py\/wp-content\/uploads\/2024\/11\/logo.png","width":1000,"height":383,"caption":"AIV"},"image":{"@id":"https:\/\/aiv.com.py\/#\/schema\/logo\/image\/"}}]}},"_links":{"self":[{"href":"https:\/\/aiv.com.py\/index.php\/wp-json\/wp\/v2\/pages\/5682","targetHints":{"allow":["GET"]}}],"collection":[{"href":"https:\/\/aiv.com.py\/index.php\/wp-json\/wp\/v2\/pages"}],"about":[{"href":"https:\/\/aiv.com.py\/index.php\/wp-json\/wp\/v2\/types\/page"}],"author":[{"embeddable":true,"href":"https:\/\/aiv.com.py\/index.php\/wp-json\/wp\/v2\/users\/1"}],"replies":[{"embeddable":true,"href":"https:\/\/aiv.com.py\/index.php\/wp-json\/wp\/v2\/comments?post=5682"}],"version-history":[{"count":16,"href":"https:\/\/aiv.com.py\/index.php\/wp-json\/wp\/v2\/pages\/5682\/revisions"}],"predecessor-version":[{"id":5887,"href":"https:\/\/aiv.com.py\/index.php\/wp-json\/wp\/v2\/pages\/5682\/revisions\/5887"}],"wp:attachment":[{"href":"https:\/\/aiv.com.py\/index.php\/wp-json\/wp\/v2\/media?parent=5682"}],"curies":[{"name":"wp","href":"https:\/\/api.w.org\/{rel}","templated":true}]}}