{"id":5652,"date":"2025-07-23T22:11:07","date_gmt":"2025-07-23T22:11:07","guid":{"rendered":"https:\/\/aiv.com.py\/?page_id=5652"},"modified":"2025-08-05T21:57:54","modified_gmt":"2025-08-05T21:57:54","slug":"laboratorio","status":"publish","type":"page","link":"https:\/\/aiv.com.py\/index.php\/laboratorio\/","title":{"rendered":"Laboratorio de innovaci\u00f3n"},"content":{"rendered":"\t\t<div data-elementor-type=\"wp-page\" data-elementor-id=\"5652\" class=\"elementor elementor-5652\">\n\t\t\t\t\t\t<section class=\"elementor-section elementor-top-section elementor-element elementor-element-bdd9939 elementor-section-content-middle elementor-section-full_width elementor-section-height-default elementor-section-height-default\" data-id=\"bdd9939\" data-element_type=\"section\" data-e-type=\"section\">\n\t\t\t\t\t\t<div class=\"elementor-container elementor-column-gap-extended\">\n\t\t\t\t\t<div class=\"elementor-column elementor-col-50 elementor-top-column elementor-element elementor-element-12b070d ot-flex-column-vertical\" data-id=\"12b070d\" data-element_type=\"column\" data-e-type=\"column\">\n\t\t\t<div class=\"elementor-widget-wrap elementor-element-populated\">\n\t\t\t\t\t\t<div class=\"elementor-element elementor-element-ea70568 elementor-widget__width-initial elementor-widget elementor-widget-image\" data-id=\"ea70568\" data-element_type=\"widget\" data-e-type=\"widget\" data-widget_type=\"image.default\">\n\t\t\t\t\t\t\t\t\t\t\t\t\t\t\t<img fetchpriority=\"high\" decoding=\"async\" width=\"1024\" height=\"546\" src=\"https:\/\/aiv.com.py\/wp-content\/uploads\/2025\/07\/innovation-lab-1024x546.jpg\" class=\"attachment-large size-large wp-image-5817\" alt=\"\" srcset=\"https:\/\/aiv.com.py\/wp-content\/uploads\/2025\/07\/innovation-lab-1024x546.jpg 1024w, https:\/\/aiv.com.py\/wp-content\/uploads\/2025\/07\/innovation-lab-300x160.jpg 300w, https:\/\/aiv.com.py\/wp-content\/uploads\/2025\/07\/innovation-lab-768x410.jpg 768w, https:\/\/aiv.com.py\/wp-content\/uploads\/2025\/07\/innovation-lab.jpg 1500w\" sizes=\"(max-width: 1024px) 100vw, 1024px\" \/>\t\t\t\t\t\t\t\t\t\t\t\t\t\t\t<\/div>\n\t\t\t\t\t<\/div>\n\t\t<\/div>\n\t\t\t\t<div class=\"elementor-column elementor-col-50 elementor-top-column elementor-element elementor-element-c955026 ot-flex-column-vertical\" data-id=\"c955026\" data-element_type=\"column\" data-e-type=\"column\">\n\t\t\t<div class=\"elementor-widget-wrap elementor-element-populated\">\n\t\t\t\t\t\t<div class=\"elementor-element elementor-element-321f370 elementor-widget elementor-widget-heading\" data-id=\"321f370\" data-element_type=\"widget\" data-e-type=\"widget\" data-widget_type=\"heading.default\">\n\t\t\t\t\t<h2 class=\"elementor-heading-title elementor-size-default\">LABORATORIO DE INNOVACI\u00d3N<\/h2>\t\t\t\t<\/div>\n\t\t\t\t<div class=\"elementor-element elementor-element-4408703 elementor-widget elementor-widget-text-editor\" data-id=\"4408703\" data-element_type=\"widget\" data-e-type=\"widget\" data-widget_type=\"text-editor.default\">\n\t\t\t\t\t\t\t\t\t<p><em>Un espacio abierto para oportunidades donde se puedan simular el funcionamiento en condiciones reales de cualquier proyecto de tecnol\u00f3gico antes de su implementaci\u00f3n masiva.<\/em><\/p>\t\t\t\t\t\t\t\t<\/div>\n\t\t\t\t\t<\/div>\n\t\t<\/div>\n\t\t\t\t\t<\/div>\n\t\t<\/section>\n\t\t\t\t<section class=\"elementor-section elementor-top-section elementor-element elementor-element-ad92f70 elementor-section-boxed elementor-section-height-default elementor-section-height-default\" data-id=\"ad92f70\" data-element_type=\"section\" data-e-type=\"section\" data-settings=\"{&quot;background_background&quot;:&quot;classic&quot;}\">\n\t\t\t\t\t\t<div class=\"elementor-container elementor-column-gap-default\">\n\t\t\t\t\t<div class=\"elementor-column elementor-col-100 elementor-top-column elementor-element elementor-element-fa80c87 ot-column-items-center ot-flex-column-vertical\" data-id=\"fa80c87\" data-element_type=\"column\" data-e-type=\"column\">\n\t\t\t<div class=\"elementor-widget-wrap elementor-element-populated\">\n\t\t\t\t\t\t<div class=\"elementor-element elementor-element-8b7b319 elementor-widget elementor-widget-text-editor\" data-id=\"8b7b319\" data-element_type=\"widget\" data-e-type=\"widget\" data-widget_type=\"text-editor.default\">\n\t\t\t\t\t\t\t\t\t<p>\u00a0<\/p><p>El Innovation Lab est\u00e1 dise\u00f1ado para funcionar como atracci\u00f3n para las mejores mentes brillantes del pa\u00eds y hasta del mundo, por sistema de becas o en modelo open Innovation.<strong><br \/><\/strong><\/p>\t\t\t\t\t\t\t\t<\/div>\n\t\t\t\t\t<\/div>\n\t\t<\/div>\n\t\t\t\t\t<\/div>\n\t\t<\/section>\n\t\t\t\t<section class=\"elementor-section elementor-top-section elementor-element elementor-element-f29829f elementor-section-boxed elementor-section-height-default elementor-section-height-default\" data-id=\"f29829f\" data-element_type=\"section\" data-e-type=\"section\" data-settings=\"{&quot;background_background&quot;:&quot;classic&quot;}\">\n\t\t\t\t\t\t<div class=\"elementor-container elementor-column-gap-extended\">\n\t\t\t\t\t<div class=\"elementor-column elementor-col-100 elementor-top-column elementor-element elementor-element-f8fc162 ot-flex-column-vertical\" data-id=\"f8fc162\" data-element_type=\"column\" data-e-type=\"column\">\n\t\t\t<div class=\"elementor-widget-wrap elementor-element-populated\">\n\t\t\t\t\t\t<div class=\"elementor-element elementor-element-aed39b9 elementor-widget elementor-widget-heading\" data-id=\"aed39b9\" data-element_type=\"widget\" data-e-type=\"widget\" data-widget_type=\"heading.default\">\n\t\t\t\t\t<h2 class=\"elementor-heading-title elementor-size-default\">Tecnolog\u00edas de innovaci\u00f3n:<\/h2>\t\t\t\t<\/div>\n\t\t\t\t\t<\/div>\n\t\t<\/div>\n\t\t\t\t\t<\/div>\n\t\t<\/section>\n\t\t\t\t<section class=\"elementor-section elementor-top-section elementor-element elementor-element-18d9ac1 elementor-section-boxed elementor-section-height-default elementor-section-height-default\" data-id=\"18d9ac1\" data-element_type=\"section\" data-e-type=\"section\" data-settings=\"{&quot;background_background&quot;:&quot;classic&quot;}\">\n\t\t\t\t\t\t<div class=\"elementor-container elementor-column-gap-extended\">\n\t\t\t\t\t<div class=\"elementor-column elementor-col-33 elementor-top-column elementor-element elementor-element-f73a903 ot-flex-column-vertical\" data-id=\"f73a903\" data-element_type=\"column\" data-e-type=\"column\">\n\t\t\t<div class=\"elementor-widget-wrap elementor-element-populated\">\n\t\t\t\t\t\t<div class=\"elementor-element elementor-element-bc204ab elementor-widget elementor-widget-heading\" data-id=\"bc204ab\" data-element_type=\"widget\" data-e-type=\"widget\" data-widget_type=\"heading.default\">\n\t\t\t\t\t<h2 class=\"elementor-heading-title elementor-size-default\">\u221a   IOT<br>\n\u221a   AI\n<\/h2>\t\t\t\t<\/div>\n\t\t\t\t\t<\/div>\n\t\t<\/div>\n\t\t\t\t<div class=\"elementor-column elementor-col-33 elementor-top-column elementor-element elementor-element-fec74e8 ot-flex-column-vertical\" data-id=\"fec74e8\" data-element_type=\"column\" data-e-type=\"column\">\n\t\t\t<div class=\"elementor-widget-wrap elementor-element-populated\">\n\t\t\t\t\t\t<div class=\"elementor-element elementor-element-4c69ff6 elementor-widget elementor-widget-heading\" data-id=\"4c69ff6\" data-element_type=\"widget\" data-e-type=\"widget\" data-widget_type=\"heading.default\">\n\t\t\t\t\t<h2 class=\"elementor-heading-title elementor-size-default\">\u221a   Visi\u00f3n Computacional<br>\n\u221a   Rob\u00f3tica\n<\/h2>\t\t\t\t<\/div>\n\t\t\t\t\t<\/div>\n\t\t<\/div>\n\t\t\t\t<div class=\"elementor-column elementor-col-33 elementor-top-column elementor-element elementor-element-fed150f ot-flex-column-vertical\" data-id=\"fed150f\" data-element_type=\"column\" data-e-type=\"column\">\n\t\t\t<div class=\"elementor-widget-wrap elementor-element-populated\">\n\t\t\t\t\t\t<div class=\"elementor-element elementor-element-f5b0cb8 elementor-widget elementor-widget-heading\" data-id=\"f5b0cb8\" data-element_type=\"widget\" data-e-type=\"widget\" data-widget_type=\"heading.default\">\n\t\t\t\t\t<h2 class=\"elementor-heading-title elementor-size-default\">\u221a   Electr\u00f3nica<br>\n\u221a   Hardware<br>\n\u221a   Impresi\u00f3n 3D\n<\/h2>\t\t\t\t<\/div>\n\t\t\t\t\t<\/div>\n\t\t<\/div>\n\t\t\t\t\t<\/div>\n\t\t<\/section>\n\t\t\t\t<section class=\"elementor-section elementor-top-section elementor-element elementor-element-8715737 elementor-section-boxed elementor-section-height-default elementor-section-height-default\" data-id=\"8715737\" data-element_type=\"section\" data-e-type=\"section\" data-settings=\"{&quot;background_background&quot;:&quot;classic&quot;}\">\n\t\t\t\t\t\t<div class=\"elementor-container elementor-column-gap-extended\">\n\t\t\t\t\t<div class=\"elementor-column elementor-col-25 elementor-top-column elementor-element elementor-element-bbf60c5 ot-column-items-center ot-flex-column-vertical\" data-id=\"bbf60c5\" data-element_type=\"column\" data-e-type=\"column\">\n\t\t\t<div class=\"elementor-widget-wrap elementor-element-populated\">\n\t\t\t\t\t\t<div class=\"elementor-element elementor-element-9683415 elementor-widget elementor-widget-text-editor\" data-id=\"9683415\" data-element_type=\"widget\" data-e-type=\"widget\" data-widget_type=\"text-editor.default\">\n\t\t\t\t\t\t\t\t\t<p><strong>PARADATA S.A.<\/strong><\/p><p>Servicios Digitales de Confianza<\/p>\t\t\t\t\t\t\t\t<\/div>\n\t\t\t\t<div class=\"elementor-element elementor-element-2406807 e-grid-align-left elementor-shape-rounded elementor-grid-0 elementor-widget elementor-widget-social-icons\" data-id=\"2406807\" data-element_type=\"widget\" data-e-type=\"widget\" data-widget_type=\"social-icons.default\">\n\t\t\t\t\t\t\t<div class=\"elementor-social-icons-wrapper elementor-grid\" role=\"list\">\n\t\t\t\t\t\t\t<span class=\"elementor-grid-item\" role=\"listitem\">\n\t\t\t\t\t<a class=\"elementor-icon elementor-social-icon elementor-social-icon-facebook elementor-repeater-item-4409f57\" href=\"https:\/\/www.facebook.com\/profile.php?id=61578583656948\" target=\"_blank\">\n\t\t\t\t\t\t<span class=\"elementor-screen-only\">Facebook<\/span>\n\t\t\t\t\t\t<svg aria-hidden=\"true\" class=\"e-font-icon-svg e-fab-facebook\" viewBox=\"0 0 512 512\" xmlns=\"http:\/\/www.w3.org\/2000\/svg\"><path d=\"M504 256C504 119 393 8 256 8S8 119 8 256c0 123.78 90.69 226.38 209.25 245V327.69h-63V256h63v-54.64c0-62.15 37-96.48 93.67-96.48 27.14 0 55.52 4.84 55.52 4.84v61h-31.28c-30.8 0-40.41 19.12-40.41 38.73V256h68.78l-11 71.69h-57.78V501C413.31 482.38 504 379.78 504 256z\"><\/path><\/svg>\t\t\t\t\t<\/a>\n\t\t\t\t<\/span>\n\t\t\t\t\t\t\t<span class=\"elementor-grid-item\" role=\"listitem\">\n\t\t\t\t\t<a class=\"elementor-icon elementor-social-icon elementor-social-icon-instagram elementor-repeater-item-2287af8\" href=\"https:\/\/www.instagram.com\/asuncioninnovationvalley\/\" target=\"_blank\">\n\t\t\t\t\t\t<span class=\"elementor-screen-only\">Instagram<\/span>\n\t\t\t\t\t\t<svg aria-hidden=\"true\" class=\"e-font-icon-svg e-fab-instagram\" viewBox=\"0 0 448 512\" xmlns=\"http:\/\/www.w3.org\/2000\/svg\"><path d=\"M224.1 141c-63.6 0-114.9 51.3-114.9 114.9s51.3 114.9 114.9 114.9S339 319.5 339 255.9 287.7 141 224.1 141zm0 189.6c-41.1 0-74.7-33.5-74.7-74.7s33.5-74.7 74.7-74.7 74.7 33.5 74.7 74.7-33.6 74.7-74.7 74.7zm146.4-194.3c0 14.9-12 26.8-26.8 26.8-14.9 0-26.8-12-26.8-26.8s12-26.8 26.8-26.8 26.8 12 26.8 26.8zm76.1 27.2c-1.7-35.9-9.9-67.7-36.2-93.9-26.2-26.2-58-34.4-93.9-36.2-37-2.1-147.9-2.1-184.9 0-35.8 1.7-67.6 9.9-93.9 36.1s-34.4 58-36.2 93.9c-2.1 37-2.1 147.9 0 184.9 1.7 35.9 9.9 67.7 36.2 93.9s58 34.4 93.9 36.2c37 2.1 147.9 2.1 184.9 0 35.9-1.7 67.7-9.9 93.9-36.2 26.2-26.2 34.4-58 36.2-93.9 2.1-37 2.1-147.8 0-184.8zM398.8 388c-7.8 19.6-22.9 34.7-42.6 42.6-29.5 11.7-99.5 9-132.1 9s-102.7 2.6-132.1-9c-19.6-7.8-34.7-22.9-42.6-42.6-11.7-29.5-9-99.5-9-132.1s-2.6-102.7 9-132.1c7.8-19.6 22.9-34.7 42.6-42.6 29.5-11.7 99.5-9 132.1-9s102.7-2.6 132.1 9c19.6 7.8 34.7 22.9 42.6 42.6 11.7 29.5 9 99.5 9 132.1s2.7 102.7-9 132.1z\"><\/path><\/svg>\t\t\t\t\t<\/a>\n\t\t\t\t<\/span>\n\t\t\t\t\t\t\t<span class=\"elementor-grid-item\" role=\"listitem\">\n\t\t\t\t\t<a class=\"elementor-icon elementor-social-icon elementor-social-icon-linkedin elementor-repeater-item-8103409\" target=\"_blank\">\n\t\t\t\t\t\t<span class=\"elementor-screen-only\">Linkedin<\/span>\n\t\t\t\t\t\t<svg aria-hidden=\"true\" class=\"e-font-icon-svg e-fab-linkedin\" viewBox=\"0 0 448 512\" xmlns=\"http:\/\/www.w3.org\/2000\/svg\"><path d=\"M416 32H31.9C14.3 32 0 46.5 0 64.3v383.4C0 465.5 14.3 480 31.9 480H416c17.6 0 32-14.5 32-32.3V64.3c0-17.8-14.4-32.3-32-32.3zM135.4 416H69V202.2h66.5V416zm-33.2-243c-21.3 0-38.5-17.3-38.5-38.5S80.9 96 102.2 96c21.2 0 38.5 17.3 38.5 38.5 0 21.3-17.2 38.5-38.5 38.5zm282.1 243h-66.4V312c0-24.8-.5-56.7-34.5-56.7-34.6 0-39.9 27-39.9 54.9V416h-66.4V202.2h63.7v29.2h.9c8.9-16.8 30.6-34.5 62.9-34.5 67.2 0 79.7 44.3 79.7 101.9V416z\"><\/path><\/svg>\t\t\t\t\t<\/a>\n\t\t\t\t<\/span>\n\t\t\t\t\t<\/div>\n\t\t\t\t\t\t<\/div>\n\t\t\t\t\t<\/div>\n\t\t<\/div>\n\t\t\t\t<div class=\"elementor-column elementor-col-25 elementor-top-column elementor-element elementor-element-c6311dd ot-flex-column-vertical\" data-id=\"c6311dd\" data-element_type=\"column\" data-e-type=\"column\">\n\t\t\t<div class=\"elementor-widget-wrap\">\n\t\t\t\t\t\t\t<\/div>\n\t\t<\/div>\n\t\t\t\t<div class=\"elementor-column elementor-col-25 elementor-top-column elementor-element elementor-element-97da4b8 ot-flex-column-vertical\" data-id=\"97da4b8\" data-element_type=\"column\" data-e-type=\"column\">\n\t\t\t<div class=\"elementor-widget-wrap\">\n\t\t\t\t\t\t\t<\/div>\n\t\t<\/div>\n\t\t\t\t<div class=\"elementor-column elementor-col-25 elementor-top-column elementor-element elementor-element-39556cd ot-column-items-center ot-flex-column-vertical\" data-id=\"39556cd\" data-element_type=\"column\" data-e-type=\"column\">\n\t\t\t<div class=\"elementor-widget-wrap elementor-element-populated\">\n\t\t\t\t\t\t<div class=\"elementor-element elementor-element-3e38b52 elementor-widget elementor-widget-text-editor\" data-id=\"3e38b52\" data-element_type=\"widget\" data-e-type=\"widget\" data-widget_type=\"text-editor.default\">\n\t\t\t\t\t\t\t\t\t<p><strong>CONTACTO<\/strong><\/p><p>Austria 1788 casi Viena, Asunci\u00f3n, Paraguay<br \/>mario@paradata.com.py<br \/>+595 994 361275<\/p>\t\t\t\t\t\t\t\t<\/div>\n\t\t\t\t\t<\/div>\n\t\t<\/div>\n\t\t\t\t\t<\/div>\n\t\t<\/section>\n\t\t\t\t<\/div>\n\t\t","protected":false},"excerpt":{"rendered":"<p>LABORATORIO DE INNOVACI\u00d3N Un espacio abierto para oportunidades donde se puedan simular el funcionamiento en condiciones reales de cualquier proyecto de tecnol\u00f3gico antes de su implementaci\u00f3n masiva. \u00a0 El Innovation Lab est\u00e1 dise\u00f1ado para funcionar como atracci\u00f3n para las mejores mentes brillantes del pa\u00eds y hasta del mundo, por sistema de becas o en modelo [&hellip;]<\/p>\n","protected":false},"author":1,"featured_media":0,"parent":0,"menu_order":0,"comment_status":"closed","ping_status":"closed","template":"elementor_header_footer","meta":{"footnotes":""},"class_list":["post-5652","page","type-page","status-publish","hentry"],"yoast_head":"<!-- This site is optimized with the Yoast SEO plugin v25.6 - https:\/\/yoast.com\/wordpress\/plugins\/seo\/ -->\n<title>Laboratorio de innovaci\u00f3n - AIV<\/title>\n<meta name=\"robots\" content=\"index, follow, max-snippet:-1, max-image-preview:large, max-video-preview:-1\" \/>\n<link rel=\"canonical\" href=\"https:\/\/aiv.com.py\/index.php\/laboratorio\/\" \/>\n<meta property=\"og:locale\" content=\"es_ES\" \/>\n<meta property=\"og:type\" content=\"article\" \/>\n<meta property=\"og:title\" content=\"Laboratorio de innovaci\u00f3n - AIV\" \/>\n<meta property=\"og:description\" content=\"LABORATORIO DE INNOVACI\u00d3N Un espacio abierto para oportunidades donde se puedan simular el funcionamiento en condiciones reales de cualquier proyecto de tecnol\u00f3gico antes de su implementaci\u00f3n masiva. \u00a0 El Innovation Lab est\u00e1 dise\u00f1ado para funcionar como atracci\u00f3n para las mejores mentes brillantes del pa\u00eds y hasta del mundo, por sistema de becas o en modelo [&hellip;]\" \/>\n<meta property=\"og:url\" content=\"https:\/\/aiv.com.py\/index.php\/laboratorio\/\" \/>\n<meta property=\"og:site_name\" content=\"AIV\" \/>\n<meta property=\"article:modified_time\" content=\"2025-08-05T21:57:54+00:00\" \/>\n<meta property=\"og:image\" content=\"https:\/\/aiv.com.py\/wp-content\/uploads\/2025\/07\/innovation-lab.jpg\" \/>\n\t<meta property=\"og:image:width\" content=\"1500\" \/>\n\t<meta property=\"og:image:height\" content=\"800\" \/>\n\t<meta property=\"og:image:type\" content=\"image\/jpeg\" \/>\n<meta name=\"twitter:card\" content=\"summary_large_image\" \/>\n<meta name=\"twitter:label1\" content=\"Tiempo de lectura\" \/>\n\t<meta name=\"twitter:data1\" content=\"1 minuto\" \/>\n<script type=\"application\/ld+json\" class=\"yoast-schema-graph\">{\"@context\":\"https:\/\/schema.org\",\"@graph\":[{\"@type\":\"WebPage\",\"@id\":\"https:\/\/aiv.com.py\/index.php\/laboratorio\/\",\"url\":\"https:\/\/aiv.com.py\/index.php\/laboratorio\/\",\"name\":\"Laboratorio de innovaci\u00f3n - AIV\",\"isPartOf\":{\"@id\":\"https:\/\/aiv.com.py\/#website\"},\"primaryImageOfPage\":{\"@id\":\"https:\/\/aiv.com.py\/index.php\/laboratorio\/#primaryimage\"},\"image\":{\"@id\":\"https:\/\/aiv.com.py\/index.php\/laboratorio\/#primaryimage\"},\"thumbnailUrl\":\"https:\/\/aiv.com.py\/wp-content\/uploads\/2025\/07\/innovation-lab-1024x546.jpg\",\"datePublished\":\"2025-07-23T22:11:07+00:00\",\"dateModified\":\"2025-08-05T21:57:54+00:00\",\"breadcrumb\":{\"@id\":\"https:\/\/aiv.com.py\/index.php\/laboratorio\/#breadcrumb\"},\"inLanguage\":\"es\",\"potentialAction\":[{\"@type\":\"ReadAction\",\"target\":[\"https:\/\/aiv.com.py\/index.php\/laboratorio\/\"]}]},{\"@type\":\"ImageObject\",\"inLanguage\":\"es\",\"@id\":\"https:\/\/aiv.com.py\/index.php\/laboratorio\/#primaryimage\",\"url\":\"https:\/\/aiv.com.py\/wp-content\/uploads\/2025\/07\/innovation-lab.jpg\",\"contentUrl\":\"https:\/\/aiv.com.py\/wp-content\/uploads\/2025\/07\/innovation-lab.jpg\",\"width\":1500,\"height\":800},{\"@type\":\"BreadcrumbList\",\"@id\":\"https:\/\/aiv.com.py\/index.php\/laboratorio\/#breadcrumb\",\"itemListElement\":[{\"@type\":\"ListItem\",\"position\":1,\"name\":\"Portada\",\"item\":\"https:\/\/aiv.com.py\/\"},{\"@type\":\"ListItem\",\"position\":2,\"name\":\"Laboratorio de innovaci\u00f3n\"}]},{\"@type\":\"WebSite\",\"@id\":\"https:\/\/aiv.com.py\/#website\",\"url\":\"https:\/\/aiv.com.py\/\",\"name\":\"AIV\",\"description\":\"Asunci\u00f3n Innovation Valley\",\"publisher\":{\"@id\":\"https:\/\/aiv.com.py\/#organization\"},\"potentialAction\":[{\"@type\":\"SearchAction\",\"target\":{\"@type\":\"EntryPoint\",\"urlTemplate\":\"https:\/\/aiv.com.py\/?s={search_term_string}\"},\"query-input\":{\"@type\":\"PropertyValueSpecification\",\"valueRequired\":true,\"valueName\":\"search_term_string\"}}],\"inLanguage\":\"es\"},{\"@type\":\"Organization\",\"@id\":\"https:\/\/aiv.com.py\/#organization\",\"name\":\"AIV\",\"url\":\"https:\/\/aiv.com.py\/\",\"logo\":{\"@type\":\"ImageObject\",\"inLanguage\":\"es\",\"@id\":\"https:\/\/aiv.com.py\/#\/schema\/logo\/image\/\",\"url\":\"https:\/\/aiv.com.py\/wp-content\/uploads\/2024\/11\/logo.png\",\"contentUrl\":\"https:\/\/aiv.com.py\/wp-content\/uploads\/2024\/11\/logo.png\",\"width\":1000,\"height\":383,\"caption\":\"AIV\"},\"image\":{\"@id\":\"https:\/\/aiv.com.py\/#\/schema\/logo\/image\/\"}}]}<\/script>\n<!-- \/ Yoast SEO plugin. -->","yoast_head_json":{"title":"Laboratorio de innovaci\u00f3n - AIV","robots":{"index":"index","follow":"follow","max-snippet":"max-snippet:-1","max-image-preview":"max-image-preview:large","max-video-preview":"max-video-preview:-1"},"canonical":"https:\/\/aiv.com.py\/index.php\/laboratorio\/","og_locale":"es_ES","og_type":"article","og_title":"Laboratorio de innovaci\u00f3n - AIV","og_description":"LABORATORIO DE INNOVACI\u00d3N Un espacio abierto para oportunidades donde se puedan simular el funcionamiento en condiciones reales de cualquier proyecto de tecnol\u00f3gico antes de su implementaci\u00f3n masiva. \u00a0 El Innovation Lab est\u00e1 dise\u00f1ado para funcionar como atracci\u00f3n para las mejores mentes brillantes del pa\u00eds y hasta del mundo, por sistema de becas o en modelo [&hellip;]","og_url":"https:\/\/aiv.com.py\/index.php\/laboratorio\/","og_site_name":"AIV","article_modified_time":"2025-08-05T21:57:54+00:00","og_image":[{"width":1500,"height":800,"url":"https:\/\/aiv.com.py\/wp-content\/uploads\/2025\/07\/innovation-lab.jpg","type":"image\/jpeg"}],"twitter_card":"summary_large_image","twitter_misc":{"Tiempo de lectura":"1 minuto"},"schema":{"@context":"https:\/\/schema.org","@graph":[{"@type":"WebPage","@id":"https:\/\/aiv.com.py\/index.php\/laboratorio\/","url":"https:\/\/aiv.com.py\/index.php\/laboratorio\/","name":"Laboratorio de innovaci\u00f3n - AIV","isPartOf":{"@id":"https:\/\/aiv.com.py\/#website"},"primaryImageOfPage":{"@id":"https:\/\/aiv.com.py\/index.php\/laboratorio\/#primaryimage"},"image":{"@id":"https:\/\/aiv.com.py\/index.php\/laboratorio\/#primaryimage"},"thumbnailUrl":"https:\/\/aiv.com.py\/wp-content\/uploads\/2025\/07\/innovation-lab-1024x546.jpg","datePublished":"2025-07-23T22:11:07+00:00","dateModified":"2025-08-05T21:57:54+00:00","breadcrumb":{"@id":"https:\/\/aiv.com.py\/index.php\/laboratorio\/#breadcrumb"},"inLanguage":"es","potentialAction":[{"@type":"ReadAction","target":["https:\/\/aiv.com.py\/index.php\/laboratorio\/"]}]},{"@type":"ImageObject","inLanguage":"es","@id":"https:\/\/aiv.com.py\/index.php\/laboratorio\/#primaryimage","url":"https:\/\/aiv.com.py\/wp-content\/uploads\/2025\/07\/innovation-lab.jpg","contentUrl":"https:\/\/aiv.com.py\/wp-content\/uploads\/2025\/07\/innovation-lab.jpg","width":1500,"height":800},{"@type":"BreadcrumbList","@id":"https:\/\/aiv.com.py\/index.php\/laboratorio\/#breadcrumb","itemListElement":[{"@type":"ListItem","position":1,"name":"Portada","item":"https:\/\/aiv.com.py\/"},{"@type":"ListItem","position":2,"name":"Laboratorio de innovaci\u00f3n"}]},{"@type":"WebSite","@id":"https:\/\/aiv.com.py\/#website","url":"https:\/\/aiv.com.py\/","name":"AIV","description":"Asunci\u00f3n Innovation Valley","publisher":{"@id":"https:\/\/aiv.com.py\/#organization"},"potentialAction":[{"@type":"SearchAction","target":{"@type":"EntryPoint","urlTemplate":"https:\/\/aiv.com.py\/?s={search_term_string}"},"query-input":{"@type":"PropertyValueSpecification","valueRequired":true,"valueName":"search_term_string"}}],"inLanguage":"es"},{"@type":"Organization","@id":"https:\/\/aiv.com.py\/#organization","name":"AIV","url":"https:\/\/aiv.com.py\/","logo":{"@type":"ImageObject","inLanguage":"es","@id":"https:\/\/aiv.com.py\/#\/schema\/logo\/image\/","url":"https:\/\/aiv.com.py\/wp-content\/uploads\/2024\/11\/logo.png","contentUrl":"https:\/\/aiv.com.py\/wp-content\/uploads\/2024\/11\/logo.png","width":1000,"height":383,"caption":"AIV"},"image":{"@id":"https:\/\/aiv.com.py\/#\/schema\/logo\/image\/"}}]}},"_links":{"self":[{"href":"https:\/\/aiv.com.py\/index.php\/wp-json\/wp\/v2\/pages\/5652","targetHints":{"allow":["GET"]}}],"collection":[{"href":"https:\/\/aiv.com.py\/index.php\/wp-json\/wp\/v2\/pages"}],"about":[{"href":"https:\/\/aiv.com.py\/index.php\/wp-json\/wp\/v2\/types\/page"}],"author":[{"embeddable":true,"href":"https:\/\/aiv.com.py\/index.php\/wp-json\/wp\/v2\/users\/1"}],"replies":[{"embeddable":true,"href":"https:\/\/aiv.com.py\/index.php\/wp-json\/wp\/v2\/comments?post=5652"}],"version-history":[{"count":19,"href":"https:\/\/aiv.com.py\/index.php\/wp-json\/wp\/v2\/pages\/5652\/revisions"}],"predecessor-version":[{"id":5874,"href":"https:\/\/aiv.com.py\/index.php\/wp-json\/wp\/v2\/pages\/5652\/revisions\/5874"}],"wp:attachment":[{"href":"https:\/\/aiv.com.py\/index.php\/wp-json\/wp\/v2\/media?parent=5652"}],"curies":[{"name":"wp","href":"https:\/\/api.w.org\/{rel}","templated":true}]}}